{"id":35,"date":"2020-03-16T18:57:30","date_gmt":"2020-03-16T18:57:30","guid":{"rendered":"https:\/\/ecd.rs\/?page_id=35"},"modified":"2026-02-06T16:58:06","modified_gmt":"2026-02-06T14:58:06","slug":"about-us","status":"publish","type":"page","link":"https:\/\/ecd.rs\/en\/about-us\/","title":{"rendered":"About Us"},"content":{"rendered":"","protected":false},"excerpt":{"rendered":"","protected":false},"author":1,"featured_media":0,"parent":0,"menu_order":0,"comment_status":"closed","ping_status":"closed","template":"templates\/about-us.php","meta":{"_acf_changed":false,"footnotes":""},"class_list":["post-35","page","type-page","status-publish","hentry"],"acf":[],"yoast_head":"<!-- This site is optimized with the Yoast SEO plugin v26.9 - https:\/\/yoast.com\/product\/yoast-seo-wordpress\/ -->\n<title>About Us - ECD<\/title>\n<meta name=\"robots\" content=\"index, follow, max-snippet:-1, max-image-preview:large, max-video-preview:-1\" \/>\n<link rel=\"canonical\" href=\"https:\/\/ecd.rs\/en\/about-us\/\" \/>\n<meta property=\"og:locale\" content=\"en_US\" \/>\n<meta property=\"og:type\" content=\"article\" \/>\n<meta property=\"og:title\" content=\"About Us - ECD\" \/>\n<meta property=\"og:url\" content=\"https:\/\/ecd.rs\/en\/about-us\/\" \/>\n<meta property=\"og:site_name\" content=\"ECD\" \/>\n<meta property=\"article:publisher\" content=\"https:\/\/www.facebook.com\/ecd.rs\/\" \/>\n<meta property=\"article:modified_time\" content=\"2026-02-06T14:58:06+00:00\" \/>\n<meta name=\"twitter:card\" content=\"summary_large_image\" \/>\n<meta name=\"twitter:site\" content=\"@ecd_RS\" \/>\n<script type=\"application\/ld+json\" class=\"yoast-schema-graph\">{\"@context\":\"https:\/\/schema.org\",\"@graph\":[{\"@type\":\"WebPage\",\"@id\":\"https:\/\/ecd.rs\/en\/about-us\/\",\"url\":\"https:\/\/ecd.rs\/en\/about-us\/\",\"name\":\"About Us - ECD\",\"isPartOf\":{\"@id\":\"https:\/\/ecd.rs\/#website\"},\"datePublished\":\"2020-03-16T18:57:30+00:00\",\"dateModified\":\"2026-02-06T14:58:06+00:00\",\"breadcrumb\":{\"@id\":\"https:\/\/ecd.rs\/en\/about-us\/#breadcrumb\"},\"inLanguage\":\"en-US\",\"potentialAction\":[{\"@type\":\"ReadAction\",\"target\":[\"https:\/\/ecd.rs\/en\/about-us\/\"]}]},{\"@type\":\"BreadcrumbList\",\"@id\":\"https:\/\/ecd.rs\/en\/about-us\/#breadcrumb\",\"itemListElement\":[{\"@type\":\"ListItem\",\"position\":1,\"name\":\"Po\u010detna\",\"item\":\"https:\/\/ecd.rs\/en\/\"},{\"@type\":\"ListItem\",\"position\":2,\"name\":\"About Us\"}]},{\"@type\":\"WebSite\",\"@id\":\"https:\/\/ecd.rs\/#website\",\"url\":\"https:\/\/ecd.rs\/\",\"name\":\"ECD\",\"description\":\"\",\"publisher\":{\"@id\":\"https:\/\/ecd.rs\/#organization\"},\"potentialAction\":[{\"@type\":\"SearchAction\",\"target\":{\"@type\":\"EntryPoint\",\"urlTemplate\":\"https:\/\/ecd.rs\/?s={search_term_string}\"},\"query-input\":{\"@type\":\"PropertyValueSpecification\",\"valueRequired\":true,\"valueName\":\"search_term_string\"}}],\"inLanguage\":\"en-US\"},{\"@type\":\"Organization\",\"@id\":\"https:\/\/ecd.rs\/#organization\",\"name\":\"ECD\",\"url\":\"https:\/\/ecd.rs\/\",\"logo\":{\"@type\":\"ImageObject\",\"inLanguage\":\"en-US\",\"@id\":\"https:\/\/ecd.rs\/#\/schema\/logo\/image\/\",\"url\":\"https:\/\/ecd.rs\/wp-content\/uploads\/2020\/03\/logo-png_1563361965.png\",\"contentUrl\":\"https:\/\/ecd.rs\/wp-content\/uploads\/2020\/03\/logo-png_1563361965.png\",\"width\":98,\"height\":52,\"caption\":\"ECD\"},\"image\":{\"@id\":\"https:\/\/ecd.rs\/#\/schema\/logo\/image\/\"},\"sameAs\":[\"https:\/\/www.facebook.com\/ecd.rs\/\",\"https:\/\/x.com\/ecd_RS\",\"https:\/\/www.instagram.com\/ecd_RS\/\",\"https:\/\/www.linkedin.com\/company\/5295458\/\"]}]}<\/script>\n<!-- \/ Yoast SEO plugin. -->","yoast_head_json":{"title":"About Us - ECD","robots":{"index":"index","follow":"follow","max-snippet":"max-snippet:-1","max-image-preview":"max-image-preview:large","max-video-preview":"max-video-preview:-1"},"canonical":"https:\/\/ecd.rs\/en\/about-us\/","og_locale":"en_US","og_type":"article","og_title":"About Us - ECD","og_url":"https:\/\/ecd.rs\/en\/about-us\/","og_site_name":"ECD","article_publisher":"https:\/\/www.facebook.com\/ecd.rs\/","article_modified_time":"2026-02-06T14:58:06+00:00","twitter_card":"summary_large_image","twitter_site":"@ecd_RS","schema":{"@context":"https:\/\/schema.org","@graph":[{"@type":"WebPage","@id":"https:\/\/ecd.rs\/en\/about-us\/","url":"https:\/\/ecd.rs\/en\/about-us\/","name":"About Us - ECD","isPartOf":{"@id":"https:\/\/ecd.rs\/#website"},"datePublished":"2020-03-16T18:57:30+00:00","dateModified":"2026-02-06T14:58:06+00:00","breadcrumb":{"@id":"https:\/\/ecd.rs\/en\/about-us\/#breadcrumb"},"inLanguage":"en-US","potentialAction":[{"@type":"ReadAction","target":["https:\/\/ecd.rs\/en\/about-us\/"]}]},{"@type":"BreadcrumbList","@id":"https:\/\/ecd.rs\/en\/about-us\/#breadcrumb","itemListElement":[{"@type":"ListItem","position":1,"name":"Po\u010detna","item":"https:\/\/ecd.rs\/en\/"},{"@type":"ListItem","position":2,"name":"About Us"}]},{"@type":"WebSite","@id":"https:\/\/ecd.rs\/#website","url":"https:\/\/ecd.rs\/","name":"ECD","description":"","publisher":{"@id":"https:\/\/ecd.rs\/#organization"},"potentialAction":[{"@type":"SearchAction","target":{"@type":"EntryPoint","urlTemplate":"https:\/\/ecd.rs\/?s={search_term_string}"},"query-input":{"@type":"PropertyValueSpecification","valueRequired":true,"valueName":"search_term_string"}}],"inLanguage":"en-US"},{"@type":"Organization","@id":"https:\/\/ecd.rs\/#organization","name":"ECD","url":"https:\/\/ecd.rs\/","logo":{"@type":"ImageObject","inLanguage":"en-US","@id":"https:\/\/ecd.rs\/#\/schema\/logo\/image\/","url":"https:\/\/ecd.rs\/wp-content\/uploads\/2020\/03\/logo-png_1563361965.png","contentUrl":"https:\/\/ecd.rs\/wp-content\/uploads\/2020\/03\/logo-png_1563361965.png","width":98,"height":52,"caption":"ECD"},"image":{"@id":"https:\/\/ecd.rs\/#\/schema\/logo\/image\/"},"sameAs":["https:\/\/www.facebook.com\/ecd.rs\/","https:\/\/x.com\/ecd_RS","https:\/\/www.instagram.com\/ecd_RS\/","https:\/\/www.linkedin.com\/company\/5295458\/"]}]}},"ACF":{"info_items":[{"info":"<p>Name: MCM 965 doo<br \/>\nAddress: Orfelinova 5<\/p>\n"},{"info":"<p>Tax number: 107047758<br \/>\nCompany ID: 20731796<\/p>\n"},{"info":"<p>Activity code: 4799<br \/>\nWeb address: https:\/\/ecd.rs<\/p>\n"}],"timeline":[{"year":"2012","events":[{"icon":204,"text":"We start ECD.rs"}]},{"year":"2014","events":[{"icon":205,"text":"3 ECD members at your service"}]},{"year":"2015","events":[{"icon":207,"text":"Settting up 1st Crypto ATM - buying option"},{"icon":208,"text":"Launching Cointelegraph.rs franchise"},{"icon":210,"text":"Introduciing cryptocurrency and blockchain consulting"}]},{"year":"2016","events":[{"icon":211,"text":"Reaching 1000th user registered on ecd.rs"},{"icon":212,"text":"Bitcoin payment app "}]},{"year":"2017","events":[{"icon":213,"text":"Ethereum (ETH) & Litecoin (LTC)"},{"icon":214,"text":"Settting up 1st 2-way Crypto ATM"},{"icon":215,"text":"Organizing 1st official educational program"}]},{"year":"2018","events":[{"icon":216,"text":"10+ ECD members at your service"},{"icon":217,"text":"New  ECD.rs webpage"},{"icon":218,"text":"Cryptocurrency course as a part of offiicial Uni master program"},{"icon":219,"text":"Buying with Credit\/debit cards at ECD.rs "},{"icon":220,"text":"Developing crypto ATM network in Serbia"}]},{"year":"2019","events":[{"icon":3825,"text":"15+ ECD members at your service"},{"icon":222,"text":"Bitcoin Cash (BCH)"},{"icon":225,"text":"Vouchers"},{"icon":226,"text":"DASH"}]},{"year":"2020","events":[{"icon":3210,"text":"Tether (USDT)"},{"icon":3204,"text":"Instant crypto purchases"},{"icon":3202,"text":"Instant crypto selling"},{"icon":3212,"text":"New ECD website"},{"icon":3208,"text":"Regular blog on ECD.rs"}]},{"year":"2021","events":[{"icon":6016,"text":"ECD Wallet Created "},{"icon":6018,"text":"Established network of partner exchange offices and ECD couriers"},{"icon":6014,"text":"Permit application"},{"icon":6020,"text":"200,000 transaction requests"},{"icon":7589,"text":"Bitcoin Whitepaper translated to Serbian"},{"icon":7591,"text":"UNICEF and ECD NFT charity collaboration"}]},{"year":"2022","events":[{"icon":6022,"text":"ECDecade"},{"icon":6016,"text":"ECD Wallet available to everyone"},{"icon":7593,"text":"Cardano (ADA) available on ECD Wallet"},{"icon":7595,"text":"Solana (SOL) available on ECD Wallet"},{"icon":7597,"text":"TRON (TRX) available on ECD Wallet"},{"icon":7599,"text":"New referral program"},{"icon":9983,"text":"NBS Licence"}]},{"year":"2023","events":[{"icon":9985,"text":"ECD Basket"},{"icon":9987,"text":"USD Coin (USDC) available"},{"icon":9989,"text":"Dai (DAI) available on ECD Exchange"},{"icon":11135,"text":"Securities Comission Licence"},{"icon":9991,"text":"New USDT protocols"},{"icon":10812,"text":"ECD Wallet App"},{"icon":10814,"text":"Video ID"},{"icon":11138,"text":"Lite Verification"}]},{"year":"2024","events":[{"icon":11743,"text":"New ECD Baskets"},{"icon":11741,"text":"Onboarding through ECD Wallet App"},{"icon":11746,"text":"The first Bitcoin Breakfast"},{"icon":11738,"text":"Polygon (POL) available"},{"icon":12739,"text":"Avalanche (AVAX) available"},{"icon":12741,"text":"Polkadot (DOT) available"},{"icon":12743,"text":"Binance Coin (BNB) available"},{"icon":13421,"text":"Dogecoin (DOGE) available"},{"icon":14228,"text":"ECD crypto ATM - Galerija"}]},{"year":"2025","events":[{"icon":14230,"text":"Bitcoin pizza in 4 restaurants across Belgrade"},{"icon":14228,"text":"ECD crypto ATM - BIG FASHION Novi Sad"},{"icon":14232,"text":"Recurring buy (DCA) service"},{"icon":14234,"text":"XRP (XRP) available"},{"icon":14580,"text":"Swap crypto via ECD Wallet"},{"icon":14582,"text":"Toncoin (TON) available"},{"icon":14859,"text":"Sui (SUI) available"},{"icon":14861,"text":"ECD Staking"},{"icon":15159,"text":"Tether Gold (XAUt) available"},{"icon":15161,"text":"Tokenized stocks (xStocks) available"}]},{"year":"2026","events":false}],"our_team":[{"image":7926,"name":"Aleksandar Matanovi\u0107","member_link":"","title":"Cofounder"},{"image":7916,"name":"Marko Matanovi\u0107","member_link":"","title":"CEO"},{"image":7920,"name":"Nata\u0161a Grubin","member_link":"","title":"Head of Customer Support"},{"image":10889,"name":"Dra\u017eena Komazec","member_link":"","title":"Operations Quality Manager"},{"image":7934,"name":"Aleksandar \u0106osi\u0107","member_link":"","title":"QA Lead"},{"image":7914,"name":"Marko Bogdanovi\u0107","member_link":"","title":"Senior Marketing Manager"},{"image":12579,"name":"Aleksandar Bond\u017euli\u0107","member_link":"","title":"Key Account Manager"},{"image":13057,"name":"Goran Jeremi\u0107","member_link":"","title":"Head of Risk Management"},{"image":7912,"name":"Igor Mirkovi\u0107","member_link":"","title":"Crypto Specialist\/Content Creator"},{"image":7918,"name":"Miodrag Radonji\u0107","member_link":"","title":"Treasury Associate"},{"image":242,"name":"Nenad \u0106ur\u010di\u0107","member_link":"","title":"Treasury Associate"},{"image":14933,"name":"Jovana Antonijevi\u0107","member_link":"","title":"Office Manager"},{"image":12593,"name":"Stefan Pe\u0161i\u0107","member_link":"","title":"DevOps Engineer"},{"image":14937,"name":"Bojan Trobok","member_link":"","title":"Bojan Trobok"},{"image":14939,"name":"Milica \u017divkovi\u0107","member_link":"","title":"Customer Support Agent"}],"info_title":"Information about the company","story_title":"Our Story","team_title":"Our Team","news":"","entire_team":""},"_links":{"self":[{"href":"https:\/\/ecd.rs\/en\/wp-json\/wp\/v2\/pages\/35","targetHints":{"allow":["GET"]}}],"collection":[{"href":"https:\/\/ecd.rs\/en\/wp-json\/wp\/v2\/pages"}],"about":[{"href":"https:\/\/ecd.rs\/en\/wp-json\/wp\/v2\/types\/page"}],"author":[{"embeddable":true,"href":"https:\/\/ecd.rs\/en\/wp-json\/wp\/v2\/users\/1"}],"replies":[{"embeddable":true,"href":"https:\/\/ecd.rs\/en\/wp-json\/wp\/v2\/comments?post=35"}],"version-history":[{"count":69,"href":"https:\/\/ecd.rs\/en\/wp-json\/wp\/v2\/pages\/35\/revisions"}],"predecessor-version":[{"id":15165,"href":"https:\/\/ecd.rs\/en\/wp-json\/wp\/v2\/pages\/35\/revisions\/15165"}],"wp:attachment":[{"href":"https:\/\/ecd.rs\/en\/wp-json\/wp\/v2\/media?parent=35"}],"curies":[{"name":"wp","href":"https:\/\/api.w.org\/{rel}","templated":true}]}}